{"id":2543,"date":"2021-03-01T09:01:01","date_gmt":"2021-03-01T09:01:01","guid":{"rendered":"https:\/\/beta.pinkode.es\/foroeca\/quienes-somos\/downpv\/"},"modified":"2021-06-21T18:28:15","modified_gmt":"2021-06-21T18:28:15","slug":"downpv","status":"publish","type":"page","link":"https:\/\/eca-euskadi.org\/en\/quienes-somos\/downpv\/","title":{"rendered":"Basque Country Down&#8217;s Syndrome Foundation"},"content":{"rendered":"<div class=\"fusion-fullwidth fullwidth-box fusion-builder-row-1 fusion-flex-container hundred-percent-fullwidth non-hundred-percent-height-scrolling\" style=\"--link_hover_color: #000000;--link_color: #e61f12;--awb-border-radius-top-left:0px;--awb-border-radius-top-right:0px;--awb-border-radius-bottom-right:0px;--awb-border-radius-bottom-left:0px;--awb-padding-top:0px;--awb-padding-right:0px;--awb-padding-bottom:0px;--awb-padding-left:0px;--awb-margin-bottom:110px;--awb-margin-bottom-medium:70px;--awb-min-height:calc( 100vh - 85px );--awb-flex-wrap:wrap;\" ><div class=\"fusion-builder-row fusion-row fusion-flex-align-items-stretch fusion-flex-content-wrap\" style=\"width:calc( 100% + 0px ) !important;max-width:calc( 100% + 0px ) !important;margin-left: calc(-0px \/ 2 );margin-right: calc(-0px \/ 2 );\"><div class=\"fusion-layout-column fusion_builder_column fusion-builder-column-0 fusion_builder_column_2_3 2_3 fusion-flex-column fusion-animated\" style=\"--awb-padding-top:10vh;--awb-padding-right:10vw;--awb-padding-bottom:10vh;--awb-padding-left:10vw;--awb-padding-top-medium:60px;--awb-padding-right-medium:60px;--awb-padding-bottom-medium:60px;--awb-padding-left-medium:60px;--awb-bg-color:#ffffff;--awb-bg-color-hover:#ffffff;--awb-bg-size:cover;--awb-width-large:66.666666666667%;--awb-margin-top-large:0px;--awb-spacing-right-large:0px;--awb-margin-bottom-large:0px;--awb-spacing-left-large:0px;--awb-width-medium:66.666666666667%;--awb-order-medium:0;--awb-spacing-right-medium:0px;--awb-spacing-left-medium:0px;--awb-width-small:100%;--awb-order-small:1;--awb-spacing-right-small:0px;--awb-margin-bottom-small:0px;--awb-spacing-left-small:0px;\" data-animationType=\"fadeIn\" data-animationDuration=\"1.6\" data-animationOffset=\"top-into-view\"><div class=\"fusion-column-wrapper fusion-column-has-shadow fusion-flex-justify-content-center fusion-content-layout-column\"><nav class=\"fusion-breadcrumbs awb-yoast-breadcrumbs fusion-breadcrumbs-1\" style=\"--awb-text-hover-color:#fb9595;--awb-breadcrumb-sep:&#039;&gt;&#039;;\" aria-label=\"Breadcrumb\"><span><span><a href=\"https:\/\/eca-euskadi.org\/en\/\">Portada<\/a><\/span><\/span><\/nav><div class=\"fusion-separator fusion-full-width-sep\" style=\"align-self: center;margin-left: auto;margin-right: auto;margin-top:3%;margin-bottom:3%;width:100%;\"><\/div><div class=\"fusion-image-element \" style=\"text-align:center;--awb-caption-title-font-family:var(--h2_typography-font-family);--awb-caption-title-font-weight:var(--h2_typography-font-weight);--awb-caption-title-font-style:var(--h2_typography-font-style);--awb-caption-title-size:var(--h2_typography-font-size);--awb-caption-title-transform:var(--h2_typography-text-transform);--awb-caption-title-line-height:var(--h2_typography-line-height);--awb-caption-title-letter-spacing:var(--h2_typography-letter-spacing);\"><span class=\" fusion-imageframe imageframe-none imageframe-1 hover-type-none\"><img decoding=\"async\" width=\"300\" height=\"200\" title=\"FUN-DOWN-CAS\" src=\"https:\/\/eca-euskadi.org\/wp-content\/uploads\/2021\/05\/FUN-DOWN-CAS.png\" alt class=\"img-responsive wp-image-2370\" srcset=\"https:\/\/eca-euskadi.org\/wp-content\/uploads\/2021\/05\/FUN-DOWN-CAS-200x133.png 200w, https:\/\/eca-euskadi.org\/wp-content\/uploads\/2021\/05\/FUN-DOWN-CAS.png 300w\" sizes=\"(max-width: 1024px) 100vw, (max-width: 740px) 100vw, 300px\" \/><\/span><\/div><div class=\"fusion-separator fusion-full-width-sep\" style=\"align-self: center;margin-left: auto;margin-right: auto;margin-bottom:3%;width:100%;\"><\/div><div class=\"fusion-text fusion-text-1\"><p>The Basque Country Down&#8217;s Syndrome Foundation (Fundaci\u00f3n S\u00edndrome de Down del Pa\u00eds Vasco) has been working on labour inclusion in mainstream companies since 1995. That vast experience makes it possible for the group of professionals to carry out successful labour inclusion for both companies and the person with an intellectual disability.<\/p>\n<\/div><div class=\"fusion-separator fusion-full-width-sep\" style=\"align-self: center;margin-left: auto;margin-right: auto;margin-bottom:3%;width:100%;\"><\/div><div class=\"fusion-social-links fusion-social-links-1\" style=\"--awb-margin-top:0px;--awb-margin-right:0px;--awb-margin-bottom:0px;--awb-margin-left:0px;--awb-box-border-top:0px;--awb-box-border-right:0px;--awb-box-border-bottom:0px;--awb-box-border-left:0px;--awb-icon-colors-hover:rgba(230,31,18,0.8);--awb-box-colors-hover:rgba(242,243,245,0.8);--awb-box-border-color:var(--awb-color3);--awb-box-border-color-hover:var(--awb-color4);\"><div class=\"fusion-social-networks color-type-custom\"><div class=\"fusion-social-networks-wrapper\"><a class=\"fusion-social-network-icon fusion-tooltip fusion-facebook awb-icon-facebook\" style=\"color:#fb9595;font-size:16px;\" data-placement=\"top\" data-title=\"Facebook\" data-toggle=\"tooltip\" title=\"Facebook\" aria-label=\"facebook\" target=\"_blank\" rel=\"noopener noreferrer\" href=\"https:\/\/www.facebook.com\/pages\/Fundaci%C3%B3n-S%C3%ADndrome-de-Down-del-Pa%C3%ADs-Vasco\/464628603583972?ref=ts&amp;fref=ts\"><\/a><a class=\"fusion-social-network-icon fusion-tooltip fusion-twitter awb-icon-twitter\" style=\"color:#fb9595;font-size:16px;\" data-placement=\"top\" data-title=\"X\" data-toggle=\"tooltip\" title=\"X\" aria-label=\"twitter\" target=\"_blank\" rel=\"noopener noreferrer\" href=\"https:\/\/twitter.com\/fsdownpv\"><\/a><a class=\"fusion-social-network-icon fusion-tooltip fusion-youtube awb-icon-youtube\" style=\"color:#fb9595;font-size:16px;\" data-placement=\"top\" data-title=\"YouTube\" data-toggle=\"tooltip\" title=\"YouTube\" aria-label=\"youtube\" target=\"_blank\" rel=\"noopener noreferrer\" href=\"https:\/\/www.youtube.com\/channel\/UCiSoPYipcXbW4M0KiXPQbGA\"><\/a><a class=\"fusion-social-network-icon fusion-tooltip fusion-blogger awb-icon-blogger\" style=\"color:#fb9595;font-size:16px;\" data-placement=\"top\" data-title=\"Blogger\" data-toggle=\"tooltip\" title=\"Blogger\" aria-label=\"blogger\" target=\"_blank\" rel=\"noopener noreferrer\" href=\"http:\/\/downpaisvasco.blogspot.com\/\"><\/a><a class=\"fusion-social-network-icon fusion-tooltip fusion-mail awb-icon-mail\" style=\"color:#fb9595;font-size:16px;\" data-placement=\"top\" data-title=\"Email\" data-toggle=\"tooltip\" title=\"Email\" aria-label=\"mail\" target=\"_blank\" rel=\"noopener noreferrer\" href=\"mailto:dow&#110;&#064;&#100;&#111;&#119;&#110;p&#118;.&#111;r&#103;\"><\/a><a class=\"fusion-social-network-icon fusion-tooltip fusion-phone awb-icon-phone\" style=\"color:#fb9595;font-size:16px;\" data-placement=\"top\" data-title=\"Phone\" data-toggle=\"tooltip\" title=\"Phone\" aria-label=\"phone\" target=\"_self\" rel=\"noopener noreferrer\" href=\"tel:946 611 222\"><\/a><\/div><\/div><\/div><div class=\"fusion-separator fusion-full-width-sep\" style=\"align-self: center;margin-left: auto;margin-right: auto;margin-bottom:3%;width:100%;\"><\/div><div class=\"fusion-text fusion-text-2 fusion-animated\" style=\"--awb-text-color:#fb9595;\" data-animationType=\"bounceInLeft\" data-animationDuration=\"0.3\" data-animationOffset=\"top-into-view\"><p><a href=\"http:\/\/www.downpv.org\/\">www.downpv.org<\/a><\/p>\n<\/div><\/div><\/div><div class=\"fusion-layout-column fusion_builder_column fusion-builder-column-1 fusion_builder_column_1_3 1_3 fusion-flex-column fusion-column-inner-bg-wrapper fusion-animated\" style=\"--awb-padding-top:5vh;--awb-padding-bottom:5vh;--awb-padding-top-small:15vh;--awb-padding-bottom-small:15vh;--awb-inner-bg-color:rgba(209,255,124,0.5);--awb-inner-bg-color-hover:rgba(209,255,124,0.5);--awb-inner-bg-image:url(&#039;https:\/\/eca-euskadi.org\/wp-content\/uploads\/2021\/05\/FUN-DOWN-CAS.png&#039;);--awb-inner-bg-position:center center;--awb-inner-bg-repeat:repeat;--awb-filter:opacity(50%) blur(5px);--awb-filter-transition:filter 0.3s ease;--awb-filter-hover:opacity(100%) blur(0px);--awb-width-large:33.333333333333%;--awb-margin-top-large:0px;--awb-spacing-right-large:0px;--awb-margin-bottom-large:0px;--awb-spacing-left-large:0px;--awb-width-medium:33.333333333333%;--awb-order-medium:0;--awb-spacing-right-medium:0px;--awb-spacing-left-medium:0px;--awb-width-small:100%;--awb-order-small:0;--awb-spacing-right-small:0px;--awb-spacing-left-small:0px;\" data-animationType=\"fadeIn\" data-animationDuration=\"1.6\" data-animationOffset=\"top-into-view\"><span class=\"fusion-column-inner-bg hover-type-none\"><a class=\"fusion-column-anchor\" href=\"https:\/\/eca-euskadi.org\/teach-your-family-to-have-an-healthy-relationship-with-food\/\"><span class=\"fusion-column-inner-bg-image\"><\/span><\/a><\/span><div class=\"fusion-column-wrapper fusion-column-has-shadow fusion-flex-justify-content-center fusion-content-layout-column fusion-empty-column-bg-image fusion-column-has-bg-image\" data-bg-url=\"https:\/\/eca-euskadi.org\/wp-content\/uploads\/2021\/05\/FUN-DOWN-CAS.png\"><img decoding=\"async\" class=\"fusion-empty-dims-img-placeholder fusion-no-large-visibility fusion-no-medium-visibility\" aria-label=\"FUN-DOWN-CAS\" src=\"data:image\/svg+xml,%3Csvg%20xmlns%3D%27http%3A%2F%2Fwww.w3.org%2F2000%2Fsvg%27%20width%3D%27300%27%20height%3D%27200%27%20viewBox%3D%270%200%20300%20200%27%3E%3Crect%20width%3D%27300%27%20height%3D%27200%27%20fill-opacity%3D%220%22%2F%3E%3C%2Fsvg%3E\"><\/div><\/div><\/div><\/div>\n","protected":false},"excerpt":{"rendered":"","protected":false},"author":1,"featured_media":0,"parent":2040,"menu_order":0,"comment_status":"closed","ping_status":"closed","template":"100-width.php","meta":{"footnotes":""},"class_list":["post-2543","page","type-page","status-publish","hentry"],"yoast_head":"<!-- This site is optimized with the Yoast SEO plugin v27.4 - https:\/\/yoast.com\/product\/yoast-seo-wordpress\/ -->\n<title>Basque Country Down&#039;s Syndrome Foundation - FORO EcA<\/title>\n<meta name=\"robots\" content=\"index, follow, max-snippet:-1, max-image-preview:large, max-video-preview:-1\" \/>\n<link rel=\"canonical\" href=\"https:\/\/eca-euskadi.org\/en\/quienes-somos\/downpv\/\" \/>\n<meta property=\"og:locale\" content=\"en_US\" \/>\n<meta property=\"og:type\" content=\"article\" \/>\n<meta property=\"og:title\" content=\"Basque Country Down&#039;s Syndrome Foundation - FORO EcA\" \/>\n<meta property=\"og:url\" content=\"https:\/\/eca-euskadi.org\/en\/quienes-somos\/downpv\/\" \/>\n<meta property=\"og:site_name\" content=\"FORO EcA\" \/>\n<meta property=\"article:modified_time\" content=\"2021-06-21T18:28:15+00:00\" \/>\n<meta name=\"twitter:card\" content=\"summary_large_image\" \/>\n<meta name=\"twitter:label1\" content=\"Est. reading time\" \/>\n\t<meta name=\"twitter:data1\" content=\"7 minutes\" \/>\n<script type=\"application\/ld+json\" class=\"yoast-schema-graph\">{\"@context\":\"https:\\\/\\\/schema.org\",\"@graph\":[{\"@type\":\"WebPage\",\"@id\":\"https:\\\/\\\/eca-euskadi.org\\\/en\\\/quienes-somos\\\/downpv\\\/\",\"url\":\"https:\\\/\\\/eca-euskadi.org\\\/en\\\/quienes-somos\\\/downpv\\\/\",\"name\":\"Basque Country Down's Syndrome Foundation - FORO EcA\",\"isPartOf\":{\"@id\":\"https:\\\/\\\/eca-euskadi.org\\\/#website\"},\"datePublished\":\"2021-03-01T09:01:01+00:00\",\"dateModified\":\"2021-06-21T18:28:15+00:00\",\"breadcrumb\":{\"@id\":\"https:\\\/\\\/eca-euskadi.org\\\/en\\\/quienes-somos\\\/downpv\\\/#breadcrumb\"},\"inLanguage\":\"en-US\",\"potentialAction\":[{\"@type\":\"ReadAction\",\"target\":[\"https:\\\/\\\/eca-euskadi.org\\\/en\\\/quienes-somos\\\/downpv\\\/\"]}]},{\"@type\":\"BreadcrumbList\",\"@id\":\"https:\\\/\\\/eca-euskadi.org\\\/en\\\/quienes-somos\\\/downpv\\\/#breadcrumb\",\"itemListElement\":[{\"@type\":\"ListItem\",\"position\":1,\"name\":\"Portada\",\"item\":\"https:\\\/\\\/eca-euskadi.org\\\/en\\\/\"},{\"@type\":\"ListItem\",\"position\":2,\"name\":\"ABOUT US\",\"item\":\"https:\\\/\\\/eca-euskadi.org\\\/en\\\/quienes-somos\\\/\"},{\"@type\":\"ListItem\",\"position\":3,\"name\":\"Basque Country Down&#8217;s Syndrome Foundation\"}]},{\"@type\":\"WebSite\",\"@id\":\"https:\\\/\\\/eca-euskadi.org\\\/#website\",\"url\":\"https:\\\/\\\/eca-euskadi.org\\\/\",\"name\":\"FORO EcA\",\"description\":\"Laneratze inklusioa enplegu arruntean | Inclusi\u00f3n laboral en el empleo ordinario\",\"potentialAction\":[{\"@type\":\"SearchAction\",\"target\":{\"@type\":\"EntryPoint\",\"urlTemplate\":\"https:\\\/\\\/eca-euskadi.org\\\/?s={search_term_string}\"},\"query-input\":{\"@type\":\"PropertyValueSpecification\",\"valueRequired\":true,\"valueName\":\"search_term_string\"}}],\"inLanguage\":\"en-US\"}]}<\/script>\n<!-- \/ Yoast SEO plugin. -->","yoast_head_json":{"title":"Basque Country Down's Syndrome Foundation - FORO EcA","robots":{"index":"index","follow":"follow","max-snippet":"max-snippet:-1","max-image-preview":"max-image-preview:large","max-video-preview":"max-video-preview:-1"},"canonical":"https:\/\/eca-euskadi.org\/en\/quienes-somos\/downpv\/","og_locale":"en_US","og_type":"article","og_title":"Basque Country Down's Syndrome Foundation - FORO EcA","og_url":"https:\/\/eca-euskadi.org\/en\/quienes-somos\/downpv\/","og_site_name":"FORO EcA","article_modified_time":"2021-06-21T18:28:15+00:00","twitter_card":"summary_large_image","twitter_misc":{"Est. reading time":"7 minutes"},"schema":{"@context":"https:\/\/schema.org","@graph":[{"@type":"WebPage","@id":"https:\/\/eca-euskadi.org\/en\/quienes-somos\/downpv\/","url":"https:\/\/eca-euskadi.org\/en\/quienes-somos\/downpv\/","name":"Basque Country Down's Syndrome Foundation - FORO EcA","isPartOf":{"@id":"https:\/\/eca-euskadi.org\/#website"},"datePublished":"2021-03-01T09:01:01+00:00","dateModified":"2021-06-21T18:28:15+00:00","breadcrumb":{"@id":"https:\/\/eca-euskadi.org\/en\/quienes-somos\/downpv\/#breadcrumb"},"inLanguage":"en-US","potentialAction":[{"@type":"ReadAction","target":["https:\/\/eca-euskadi.org\/en\/quienes-somos\/downpv\/"]}]},{"@type":"BreadcrumbList","@id":"https:\/\/eca-euskadi.org\/en\/quienes-somos\/downpv\/#breadcrumb","itemListElement":[{"@type":"ListItem","position":1,"name":"Portada","item":"https:\/\/eca-euskadi.org\/en\/"},{"@type":"ListItem","position":2,"name":"ABOUT US","item":"https:\/\/eca-euskadi.org\/en\/quienes-somos\/"},{"@type":"ListItem","position":3,"name":"Basque Country Down&#8217;s Syndrome Foundation"}]},{"@type":"WebSite","@id":"https:\/\/eca-euskadi.org\/#website","url":"https:\/\/eca-euskadi.org\/","name":"FORO EcA","description":"Laneratze inklusioa enplegu arruntean | Inclusi\u00f3n laboral en el empleo ordinario","potentialAction":[{"@type":"SearchAction","target":{"@type":"EntryPoint","urlTemplate":"https:\/\/eca-euskadi.org\/?s={search_term_string}"},"query-input":{"@type":"PropertyValueSpecification","valueRequired":true,"valueName":"search_term_string"}}],"inLanguage":"en-US"}]}},"_links":{"self":[{"href":"https:\/\/eca-euskadi.org\/en\/wp-json\/wp\/v2\/pages\/2543","targetHints":{"allow":["GET"]}}],"collection":[{"href":"https:\/\/eca-euskadi.org\/en\/wp-json\/wp\/v2\/pages"}],"about":[{"href":"https:\/\/eca-euskadi.org\/en\/wp-json\/wp\/v2\/types\/page"}],"author":[{"embeddable":true,"href":"https:\/\/eca-euskadi.org\/en\/wp-json\/wp\/v2\/users\/1"}],"replies":[{"embeddable":true,"href":"https:\/\/eca-euskadi.org\/en\/wp-json\/wp\/v2\/comments?post=2543"}],"version-history":[{"count":2,"href":"https:\/\/eca-euskadi.org\/en\/wp-json\/wp\/v2\/pages\/2543\/revisions"}],"predecessor-version":[{"id":2553,"href":"https:\/\/eca-euskadi.org\/en\/wp-json\/wp\/v2\/pages\/2543\/revisions\/2553"}],"up":[{"embeddable":true,"href":"https:\/\/eca-euskadi.org\/en\/wp-json\/wp\/v2\/pages\/2040"}],"wp:attachment":[{"href":"https:\/\/eca-euskadi.org\/en\/wp-json\/wp\/v2\/media?parent=2543"}],"curies":[{"name":"wp","href":"https:\/\/api.w.org\/{rel}","templated":true}]}}